{"id":224,"date":"2021-03-24T15:03:41","date_gmt":"2021-03-24T15:03:41","guid":{"rendered":"https:\/\/www.ideiasxiques.com\/construcao\/?page_id=224"},"modified":"2024-08-12T18:37:38","modified_gmt":"2024-08-12T18:37:38","slug":"inicio","status":"publish","type":"page","link":"https:\/\/www.ideiasxiques.com\/construcao\/","title":{"rendered":"In\u00edcio"},"content":{"rendered":"<div class=\"wpb-content-wrapper\"><p>[vc_row row_type=&#8221;row&#8221; use_row_as_full_screen_section=&#8221;no&#8221; type=&#8221;full_width&#8221; text_align=&#8221;left&#8221; background_animation=&#8221;none&#8221; css_animation=&#8221;&#8221;][vc_column]\n\t\t\t<!-- START ix REVOLUTION SLIDER 6.7.17 --><p class=\"rs-p-wp-fix\"><\/p>\n\t\t\t<rs-module-wrap id=\"rev_slider_1_1_wrapper\" data-source=\"gallery\" style=\"visibility:hidden;background:transparent;padding:0;margin:0px auto;margin-top:0;margin-bottom:0;\">\n\t\t\t\t<rs-module id=\"rev_slider_1_1\" style=\"\" data-version=\"6.7.17\">\n\t\t\t\t\t<rs-slides style=\"overflow: hidden; position: absolute;\">\n\t\t\t\t\t\t<rs-slide style=\"position: absolute;\" data-key=\"rs-1\" data-title=\"Slide\" data-thumb=\"\/\/www.ideiasxiques.com\/construcao\/wp-content\/uploads\/2024\/08\/ideiasxiques-construcao2-50x100.jpg\" data-in=\"o:0;\" data-out=\"a:false;\">\n\t\t\t\t\t\t\t<img decoding=\"async\" src=\"\/\/www.ideiasxiques.com\/construcao\/wp-content\/plugins\/revslider\/sr6\/assets\/assets\/dummy.png\" alt=\"Ideias Xiques\" title=\"Ideias Xiques\" width=\"2500\" height=\"1100\" class=\"rev-slidebg tp-rs-img rs-lazyload\" data-lazyload=\"\/\/www.ideiasxiques.com\/construcao\/wp-content\/uploads\/2024\/08\/ideiasxiques-construcao2.jpg\" data-parallax=\"15\" data-panzoom=\"d:10000;ss:100;se:130%;\" data-no-retina>\n<!--\n\t\t\t\t\t\t\t--><rs-layer\n\t\t\t\t\t\t\t\tid=\"slider-1-slide-1-layer-0\" \n\t\t\t\t\t\t\t\tdata-type=\"text\"\n\t\t\t\t\t\t\t\tdata-color=\"#ffffff\"\n\t\t\t\t\t\t\t\tdata-tsh=\"h:2px;v:2px;b:1px;\"\n\t\t\t\t\t\t\t\tdata-rsp_ch=\"on\"\n\t\t\t\t\t\t\t\tdata-xy=\"x:c;y:c;yo:-1px;\"\n\t\t\t\t\t\t\t\tdata-text=\"w:normal;s:100;\"\n\t\t\t\t\t\t\t\tdata-dim=\"h:30px;\"\n\t\t\t\t\t\t\t\tdata-frame_0=\"y:top;\"\n\t\t\t\t\t\t\t\tdata-frame_1=\"sp:1000;\"\n\t\t\t\t\t\t\t\tdata-frame_999=\"y:-50;o:0;st:w;sp:1000;\"\n\t\t\t\t\t\t\t\tstyle=\"z-index:5;font-family:'Old Standard TT';\"\n\t\t\t\t\t\t\t>Constru\u00e7\u00e3o \n\t\t\t\t\t\t\t<\/rs-layer><!--\n\n\t\t\t\t\t\t\t--><rs-layer\n\t\t\t\t\t\t\t\tid=\"slider-1-slide-1-layer-1\" \n\t\t\t\t\t\t\t\tdata-type=\"text\"\n\t\t\t\t\t\t\t\tdata-color=\"#ffffff\"\n\t\t\t\t\t\t\t\tdata-tsh=\"h:2px;v:2px;b:1px;\"\n\t\t\t\t\t\t\t\tdata-rsp_ch=\"on\"\n\t\t\t\t\t\t\t\tdata-xy=\"x:c;y:c;yo:90px;\"\n\t\t\t\t\t\t\t\tdata-text=\"w:normal;s:45;l:40;a:center;\"\n\t\t\t\t\t\t\t\tdata-frame_0=\"y:bottom;\"\n\t\t\t\t\t\t\t\tdata-frame_1=\"sp:1000;\"\n\t\t\t\t\t\t\t\tdata-frame_999=\"y:50;o:0;st:w;sp:1000;\"\n\t\t\t\t\t\t\t\tstyle=\"z-index:6;font-family:'Old Standard TT';\"\n\t\t\t\t\t\t\t>Para a Ideias Xiques a constru\u00e7\u00e3o<br \/>\n\u00e9 rigor e aten\u00e7\u00e3o ao detalhe. \n\t\t\t\t\t\t\t<\/rs-layer><!--\n-->\t\t\t\t\t<\/rs-slide>\n\t\t\t\t\t\t<rs-slide style=\"position: absolute;\" data-key=\"rs-2\" data-title=\"Slide\" data-thumb=\"\/\/www.ideiasxiques.com\/construcao\/wp-content\/uploads\/2024\/08\/ideiasxiques-predio-50x100.jpg\" data-in=\"o:0;\" data-out=\"a:false;\">\n\t\t\t\t\t\t\t<img decoding=\"async\" src=\"\/\/www.ideiasxiques.com\/construcao\/wp-content\/plugins\/revslider\/sr6\/assets\/assets\/dummy.png\" alt=\"Ideias Xiques\" title=\"Ideias Xiques\" width=\"2500\" height=\"1100\" class=\"rev-slidebg tp-rs-img rs-lazyload\" data-lazyload=\"\/\/www.ideiasxiques.com\/construcao\/wp-content\/uploads\/2024\/08\/ideiasxiques-predio.jpg\" data-parallax=\"15\" data-panzoom=\"d:9000ms;ss:100;se:130%;\" data-no-retina>\n<!--\n\t\t\t\t\t\t\t--><rs-layer\n\t\t\t\t\t\t\t\tid=\"slider-1-slide-2-layer-0\" \n\t\t\t\t\t\t\t\tdata-type=\"text\"\n\t\t\t\t\t\t\t\tdata-color=\"#ffffff\"\n\t\t\t\t\t\t\t\tdata-tsh=\"h:2px;v:2px;b:1px;\"\n\t\t\t\t\t\t\t\tdata-rsp_ch=\"on\"\n\t\t\t\t\t\t\t\tdata-xy=\"x:c;y:c;yo:-1px;\"\n\t\t\t\t\t\t\t\tdata-text=\"w:normal;s:100;\"\n\t\t\t\t\t\t\t\tdata-dim=\"h:30px;\"\n\t\t\t\t\t\t\t\tdata-frame_0=\"y:top;\"\n\t\t\t\t\t\t\t\tdata-frame_1=\"sp:1000;\"\n\t\t\t\t\t\t\t\tdata-frame_999=\"y:-50;o:0;st:w;sp:1000;\"\n\t\t\t\t\t\t\t\tstyle=\"z-index:5;font-family:'Old Standard TT';\"\n\t\t\t\t\t\t\t>Constru\u00e7\u00e3o \n\t\t\t\t\t\t\t<\/rs-layer><!--\n\n\t\t\t\t\t\t\t--><rs-layer\n\t\t\t\t\t\t\t\tid=\"slider-1-slide-2-layer-1\" \n\t\t\t\t\t\t\t\tdata-type=\"text\"\n\t\t\t\t\t\t\t\tdata-color=\"#ffffff\"\n\t\t\t\t\t\t\t\tdata-tsh=\"h:2px;v:2px;b:1px;\"\n\t\t\t\t\t\t\t\tdata-rsp_ch=\"on\"\n\t\t\t\t\t\t\t\tdata-xy=\"x:c;y:c;yo:86px;\"\n\t\t\t\t\t\t\t\tdata-text=\"w:normal;s:50;l:45;a:center;\"\n\t\t\t\t\t\t\t\tdata-frame_0=\"y:bottom;\"\n\t\t\t\t\t\t\t\tdata-frame_1=\"sp:1000;\"\n\t\t\t\t\t\t\t\tdata-frame_999=\"y:50;o:0;st:w;sp:1000;\"\n\t\t\t\t\t\t\t\tstyle=\"z-index:6;font-family:'Old Standard TT';\"\n\t\t\t\t\t\t\t>Para a Ideias Xiques a constru\u00e7\u00e3o<br \/>\n\u00e9 rigor e aten\u00e7\u00e3o ao detalhe. \n\t\t\t\t\t\t\t<\/rs-layer><!--\n-->\t\t\t\t\t<\/rs-slide>\n\t\t\t\t\t\t<rs-slide style=\"position: absolute;\" data-key=\"rs-3\" data-title=\"Slide\" data-thumb=\"\/\/www.ideiasxiques.com\/construcao\/wp-content\/uploads\/2024\/08\/ideiasxiques-pinturas2-50x100.jpg\" data-in=\"o:0;\" data-out=\"a:false;\">\n\t\t\t\t\t\t\t<img decoding=\"async\" src=\"\/\/www.ideiasxiques.com\/construcao\/wp-content\/plugins\/revslider\/sr6\/assets\/assets\/dummy.png\" alt=\"Ideias Xiques\" title=\"Ideias Xiques\" width=\"2500\" height=\"1100\" class=\"rev-slidebg tp-rs-img rs-lazyload\" data-lazyload=\"\/\/www.ideiasxiques.com\/construcao\/wp-content\/uploads\/2024\/08\/ideiasxiques-pinturas2.jpg\" data-bg=\"p:right center;\" data-parallax=\"15\" data-panzoom=\"d:10000;ss:100;se:130%;\" data-no-retina>\n<!--\n\t\t\t\t\t\t\t--><rs-layer\n\t\t\t\t\t\t\t\tid=\"slider-1-slide-3-layer-0\" \n\t\t\t\t\t\t\t\tdata-type=\"text\"\n\t\t\t\t\t\t\t\tdata-color=\"#ffffff\"\n\t\t\t\t\t\t\t\tdata-tsh=\"h:2px;v:2px;b:1px;\"\n\t\t\t\t\t\t\t\tdata-rsp_ch=\"on\"\n\t\t\t\t\t\t\t\tdata-xy=\"x:c;y:c;yo:-1px;\"\n\t\t\t\t\t\t\t\tdata-text=\"w:normal;s:100;\"\n\t\t\t\t\t\t\t\tdata-dim=\"h:30px;\"\n\t\t\t\t\t\t\t\tdata-frame_0=\"y:top;\"\n\t\t\t\t\t\t\t\tdata-frame_1=\"sp:1000;\"\n\t\t\t\t\t\t\t\tdata-frame_999=\"y:-50;o:0;st:w;sp:1000;\"\n\t\t\t\t\t\t\t\tstyle=\"z-index:5;font-family:'Old Standard TT';\"\n\t\t\t\t\t\t\t>Remodela\u00e7\u00f5es \n\t\t\t\t\t\t\t<\/rs-layer><!--\n\n\t\t\t\t\t\t\t--><rs-layer\n\t\t\t\t\t\t\t\tid=\"slider-1-slide-3-layer-1\" \n\t\t\t\t\t\t\t\tdata-type=\"text\"\n\t\t\t\t\t\t\t\tdata-color=\"#ffffff\"\n\t\t\t\t\t\t\t\tdata-tsh=\"h:2px;v:2px;b:1px;\"\n\t\t\t\t\t\t\t\tdata-rsp_ch=\"on\"\n\t\t\t\t\t\t\t\tdata-xy=\"x:c;y:c;yo:93px;\"\n\t\t\t\t\t\t\t\tdata-text=\"w:normal;s:50;l:45;a:center;\"\n\t\t\t\t\t\t\t\tdata-frame_0=\"y:bottom;\"\n\t\t\t\t\t\t\t\tdata-frame_1=\"sp:1000;\"\n\t\t\t\t\t\t\t\tdata-frame_999=\"y:50;o:0;st:w;sp:1000;\"\n\t\t\t\t\t\t\t\tstyle=\"z-index:6;font-family:'Old Standard TT';\"\n\t\t\t\t\t\t\t>Para a Ideias Xiques as remodela\u00e7\u00f5es <br \/>\ns\u00e3o entender as aspira\u00e7\u00f5es dos clientes e implementa-las. \n\t\t\t\t\t\t\t<\/rs-layer><!--\n-->\t\t\t\t\t<\/rs-slide>\n\t\t\t\t\t\t<rs-slide style=\"position: absolute;\" data-key=\"rs-4\" data-title=\"Slide\" data-thumb=\"\/\/www.ideiasxiques.com\/construcao\/wp-content\/uploads\/2024\/08\/ideiasxiques-pladur-50x100.jpg\" data-in=\"o:0;\" data-out=\"a:false;\">\n\t\t\t\t\t\t\t<img decoding=\"async\" src=\"\/\/www.ideiasxiques.com\/construcao\/wp-content\/plugins\/revslider\/sr6\/assets\/assets\/dummy.png\" alt=\"Ideias Xiques\" title=\"Ideias Xiques\" width=\"2500\" height=\"1100\" class=\"rev-slidebg tp-rs-img rs-lazyload\" data-lazyload=\"\/\/www.ideiasxiques.com\/construcao\/wp-content\/uploads\/2024\/08\/ideiasxiques-pladur.jpg\" data-parallax=\"15\" data-panzoom=\"d:9000ms;ss:100;se:130%;\" data-no-retina>\n<!--\n\t\t\t\t\t\t\t--><rs-layer\n\t\t\t\t\t\t\t\tid=\"slider-1-slide-4-layer-0\" \n\t\t\t\t\t\t\t\tdata-type=\"text\"\n\t\t\t\t\t\t\t\tdata-color=\"#ffffff\"\n\t\t\t\t\t\t\t\tdata-tsh=\"h:2px;v:2px;b:1px;\"\n\t\t\t\t\t\t\t\tdata-rsp_ch=\"on\"\n\t\t\t\t\t\t\t\tdata-xy=\"x:c;y:c;yo:-1px;\"\n\t\t\t\t\t\t\t\tdata-text=\"w:normal;s:100;\"\n\t\t\t\t\t\t\t\tdata-dim=\"h:30px;\"\n\t\t\t\t\t\t\t\tdata-frame_0=\"y:top;\"\n\t\t\t\t\t\t\t\tdata-frame_1=\"sp:1000;\"\n\t\t\t\t\t\t\t\tdata-frame_999=\"y:-50;o:0;st:w;sp:1000;\"\n\t\t\t\t\t\t\t\tstyle=\"z-index:5;font-family:'Old Standard TT';\"\n\t\t\t\t\t\t\t>Remodela\u00e7\u00f5es \n\t\t\t\t\t\t\t<\/rs-layer><!--\n\n\t\t\t\t\t\t\t--><rs-layer\n\t\t\t\t\t\t\t\tid=\"slider-1-slide-4-layer-1\" \n\t\t\t\t\t\t\t\tdata-type=\"text\"\n\t\t\t\t\t\t\t\tdata-color=\"#ffffff\"\n\t\t\t\t\t\t\t\tdata-tsh=\"h:2px;v:2px;b:1px;\"\n\t\t\t\t\t\t\t\tdata-rsp_ch=\"on\"\n\t\t\t\t\t\t\t\tdata-xy=\"x:c;y:c;yo:87px;\"\n\t\t\t\t\t\t\t\tdata-text=\"w:normal;s:50;l:45;a:center;\"\n\t\t\t\t\t\t\t\tdata-frame_0=\"y:bottom;\"\n\t\t\t\t\t\t\t\tdata-frame_1=\"sp:1000;\"\n\t\t\t\t\t\t\t\tdata-frame_999=\"y:50;o:0;st:w;sp:1000;\"\n\t\t\t\t\t\t\t\tstyle=\"z-index:6;font-family:'Old Standard TT';\"\n\t\t\t\t\t\t\t>Para a Ideias Xiques as remodela\u00e7\u00f5es <br \/>\ns\u00e3o entender as aspira\u00e7\u00f5es dos clientes e implementa-las. \n\t\t\t\t\t\t\t<\/rs-layer><!--\n-->\t\t\t\t\t<\/rs-slide>\n\t\t\t\t\t<\/rs-slides>\n\t\t\t\t<\/rs-module>\n\t\t\t\t<script>\n\t\t\t\t\tsetREVStartSize({c: 'rev_slider_1_1',rl:[1240,1024,778,480],el:[1100],gw:[2500],gh:[1100],type:'standard',justify:'',layout:'fullwidth',mh:\"0\"});if (window.RS_MODULES!==undefined && window.RS_MODULES.modules!==undefined && window.RS_MODULES.modules[\"revslider11\"]!==undefined) {window.RS_MODULES.modules[\"revslider11\"].once = false;window.revapi1 = undefined;if (window.RS_MODULES.checkMinimal!==undefined) window.RS_MODULES.checkMinimal()}\n\t\t\t\t<\/script>\n\t\t\t<\/rs-module-wrap>\n\t\t\t<!-- END REVOLUTION SLIDER -->\n[\/vc_column][\/vc_row][vc_row row_type=&#8221;row&#8221; use_row_as_full_screen_section=&#8221;no&#8221; type=&#8221;full_width&#8221; text_align=&#8221;left&#8221; background_animation=&#8221;none&#8221; css_animation=&#8221;&#8221; css=&#8221;.vc_custom_1723484850310{margin-right: 35px !important;margin-left: 35px !important;}&#8221;][vc_column width=&#8221;1\/3&#8243;][vc_empty_space height=&#8221;50px&#8221;][vc_single_image image=&#8221;359&#8243; img_size=&#8221;full&#8221; alignment=&#8221;center&#8221; onclick=&#8221;custom_link&#8221; css=&#8221;&#8221; qode_css_animation=&#8221;&#8221; link=&#8221;https:\/\/www.ideiasxiques.com\/construcao\/quem-somos\/&#8221;][vc_empty_space height=&#8221;20px&#8221;][vc_column_text css=&#8221;&#8221;]<\/p>\n<h3><a href=\"https:\/\/www.ideiasxiques.com\/construcao\/quem-somos\/\">Saiba quem somos n\u00f3s&#8230;<\/a><\/h3>\n<p>[\/vc_column_text][\/vc_column][vc_column width=&#8221;1\/3&#8243;][vc_empty_space height=&#8221;50px&#8221;][vc_single_image image=&#8221;358&#8243; img_size=&#8221;full&#8221; alignment=&#8221;center&#8221; onclick=&#8221;custom_link&#8221; css=&#8221;&#8221; qode_css_animation=&#8221;&#8221; link=&#8221;https:\/\/www.ideiasxiques.com\/construcao\/servicos\/&#8221;][vc_empty_space height=&#8221;20px&#8221;][vc_column_text css=&#8221;&#8221;]<\/p>\n<h3><a href=\"https:\/\/www.ideiasxiques.com\/construcao\/servicos\/\">Conhe\u00e7a os nossos servi\u00e7os&#8230;<\/a><\/h3>\n<p>[\/vc_column_text][\/vc_column][vc_column width=&#8221;1\/3&#8243;][vc_empty_space height=&#8221;50px&#8221;][vc_single_image image=&#8221;380&#8243; img_size=&#8221;full&#8221; alignment=&#8221;center&#8221; onclick=&#8221;custom_link&#8221; css=&#8221;&#8221; qode_css_animation=&#8221;&#8221; link=&#8221;https:\/\/www.ideiasxiques.com\/construcao\/portfolio\/&#8221;][vc_empty_space height=&#8221;20px&#8221;][vc_column_text css=&#8221;&#8221;]<\/p>\n<h3><a href=\"https:\/\/www.ideiasxiques.com\/construcao\/portfolio\/\">Veja o nosso portfolio&#8230;<\/a><\/h3>\n<p>[\/vc_column_text][\/vc_column][\/vc_row][vc_row row_type=&#8221;row&#8221; use_row_as_full_screen_section=&#8221;no&#8221; type=&#8221;full_width&#8221; text_align=&#8221;left&#8221; background_animation=&#8221;none&#8221; css_animation=&#8221;&#8221; css=&#8221;.vc_custom_1723487740672{margin-right: 35px !important;margin-left: 35px !important;}&#8221;][vc_column][vc_empty_space height=&#8221;50px&#8221;][vc_single_image image=&#8221;387&#8243; img_size=&#8221;full&#8221; onclick=&#8221;custom_link&#8221; img_link_target=&#8221;_blank&#8221; css=&#8221;&#8221; qode_css_animation=&#8221;&#8221; link=&#8221;https:\/\/www.ideiasxiques.com\/imo\/&#8221;][vc_empty_space height=&#8221;20px&#8221;][vc_column_text css=&#8221;&#8221;]<\/p>\n<h3><a href=\"https:\/\/www.ideiasxiques.com\/imo\/\" target=\"_blank\" rel=\"noopener\">Descubra a nossa imobili\u00e1ria&#8230;<\/a><\/h3>\n<p>[\/vc_column_text][vc_empty_space height=&#8221;50px&#8221;][\/vc_column][\/vc_row]<\/p>\n<\/div>","protected":false},"excerpt":{"rendered":"<p>[vc_row row_type=&#8221;row&#8221; use_row_as_full_screen_section=&#8221;no&#8221; type=&#8221;full_width&#8221; text_align=&#8221;left&#8221; background_animation=&#8221;none&#8221; css_animation=&#8221;&#8221;][vc_column][\/vc_column][\/vc_row][vc_row row_type=&#8221;row&#8221; use_row_as_full_screen_section=&#8221;no&#8221; type=&#8221;full_width&#8221; text_align=&#8221;left&#8221; background_animation=&#8221;none&#8221; css_animation=&#8221;&#8221; css=&#8221;.vc_custom_1723484850310{margin-right: 35px !important;margin-left: 35px !important;}&#8221;][vc_column width=&#8221;1\/3&#8243;][vc_empty_space height=&#8221;50px&#8221;][vc_single_image image=&#8221;359&#8243; img_size=&#8221;full&#8221; alignment=&#8221;center&#8221; onclick=&#8221;custom_link&#8221; css=&#8221;&#8221; qode_css_animation=&#8221;&#8221; link=&#8221;https:\/\/www.ideiasxiques.com\/construcao\/quem-somos\/&#8221;][vc_empty_space height=&#8221;20px&#8221;][vc_column_text css=&#8221;&#8221;] Saiba quem somos n\u00f3s&#8230; [\/vc_column_text][\/vc_column][vc_column width=&#8221;1\/3&#8243;][vc_empty_space height=&#8221;50px&#8221;][vc_single_image image=&#8221;358&#8243; img_size=&#8221;full&#8221; alignment=&#8221;center&#8221; onclick=&#8221;custom_link&#8221; css=&#8221;&#8221; qode_css_animation=&#8221;&#8221; link=&#8221;https:\/\/www.ideiasxiques.com\/construcao\/servicos\/&#8221;][vc_empty_space height=&#8221;20px&#8221;][vc_column_text css=&#8221;&#8221;]&#8230;<\/p>\n","protected":false},"author":1,"featured_media":0,"parent":0,"menu_order":0,"comment_status":"closed","ping_status":"closed","template":"full_width.php","meta":{"footnotes":""},"class_list":["post-224","page","type-page","status-publish","hentry"],"_links":{"self":[{"href":"https:\/\/www.ideiasxiques.com\/construcao\/wp-json\/wp\/v2\/pages\/224","targetHints":{"allow":["GET"]}}],"collection":[{"href":"https:\/\/www.ideiasxiques.com\/construcao\/wp-json\/wp\/v2\/pages"}],"about":[{"href":"https:\/\/www.ideiasxiques.com\/construcao\/wp-json\/wp\/v2\/types\/page"}],"author":[{"embeddable":true,"href":"https:\/\/www.ideiasxiques.com\/construcao\/wp-json\/wp\/v2\/users\/1"}],"replies":[{"embeddable":true,"href":"https:\/\/www.ideiasxiques.com\/construcao\/wp-json\/wp\/v2\/comments?post=224"}],"version-history":[{"count":10,"href":"https:\/\/www.ideiasxiques.com\/construcao\/wp-json\/wp\/v2\/pages\/224\/revisions"}],"predecessor-version":[{"id":388,"href":"https:\/\/www.ideiasxiques.com\/construcao\/wp-json\/wp\/v2\/pages\/224\/revisions\/388"}],"wp:attachment":[{"href":"https:\/\/www.ideiasxiques.com\/construcao\/wp-json\/wp\/v2\/media?parent=224"}],"curies":[{"name":"wp","href":"https:\/\/api.w.org\/{rel}","templated":true}]}}