{"id":17,"date":"2014-12-30T09:50:21","date_gmt":"2014-12-30T09:50:21","guid":{"rendered":"https:\/\/www.ideiasxiques.com\/construcao\/?page_id=17"},"modified":"2024-08-12T17:43:16","modified_gmt":"2024-08-12T17:43:16","slug":"servicos","status":"publish","type":"page","link":"https:\/\/www.ideiasxiques.com\/construcao\/servicos\/","title":{"rendered":"Servi\u00e7os"},"content":{"rendered":"<div class=\"wpb-content-wrapper\"><p>[vc_row row_type=&#8221;row&#8221; use_row_as_full_screen_section=&#8221;no&#8221; type=&#8221;full_width&#8221; text_align=&#8221;left&#8221; background_animation=&#8221;none&#8221; css_animation=&#8221;&#8221;][vc_column][vc_single_image image=&#8221;356&#8243; img_size=&#8221;full&#8221; alignment=&#8221;center&#8221; css=&#8221;&#8221; qode_css_animation=&#8221;&#8221;][\/vc_column][\/vc_row][vc_row row_type=&#8221;row&#8221; use_row_as_full_screen_section=&#8221;no&#8221; type=&#8221;full_width&#8221; text_align=&#8221;left&#8221; background_animation=&#8221;none&#8221; css_animation=&#8221;&#8221; css=&#8221;.vc_custom_1723381219151{margin-right: 60px !important;margin-left: 60px !important;padding-bottom: 60px !important;}&#8221;][vc_column][vc_empty_space height=&#8221;50px&#8221;][vc_column_text css=&#8221;&#8221;]<\/p>\n<h1 style=\"text-align: justify;\">Na Ideias Xiques estamos preparados para satisfazer<br \/>\nas suas necessidades em termos construtivos.<\/h1>\n<p style=\"text-align: justify;\">A constru\u00e7\u00e3o civil de edif\u00edcios novos ou de moradias faz parte integrante dos nossos servi\u00e7os quer seja em regime de chave na m\u00e3o quer seja por\u00a0administra\u00e7\u00e3o por parte do cliente. \u00c9\u00a0esta flexibilidade que nos permite satisfazer todas as suas necessidades.<\/p>\n<p style=\"text-align: justify;\">Estamos preparados para encontrar a melhor solu\u00e7\u00e3o para as\u00a0remodela\u00e7\u00f5es de habita\u00e7\u00f5es, escrit\u00f3rios e lojas, para que possa concretizar os seus projectos sem se preocupar com obras.<\/p>\n<h5 style=\"text-align: justify;\"><strong>Conte com a Ideias Xiques para o ajudar.<\/strong><\/h5>\n<p>&nbsp;<\/p>\n<h3 style=\"text-align: justify;\">O que podemos fazer por si.<\/h3>\n<p>[\/vc_column_text][vc_row_inner row_type=&#8221;row&#8221; type=&#8221;full_width&#8221; use_row_as_full_screen_section_slide=&#8221;no&#8221; text_align=&#8221;left&#8221; css_animation=&#8221;&#8221;][vc_column_inner width=&#8221;1\/2&#8243;][vc_column_text css=&#8221;&#8221;]\u2022 Remodela\u00e7\u00e3o de interiores<br \/>\n\u2022 Arranjos exteriores<br \/>\n\u2022 Revestimentos<br \/>\n\u2022 Impermeabiliza\u00e7\u00e3o<br \/>\n\u2022 Pinturas exteriores e interiores<br \/>\n\u2022 Isolamento t\u00e9rmico<br \/>\n\u2022 Isolamentos sistema capoto<br \/>\n\u2022 Alvenarias[\/vc_column_text][\/vc_column_inner][vc_column_inner width=&#8221;1\/2&#8243;][vc_column_text css=&#8221;&#8221;]\u2022 Carpintarias<br \/>\n\u2022 Serralharias<br \/>\n\u2022 Canaliza\u00e7\u00f5es de \u00e1guas e esgotos<br \/>\n\u2022 Divis\u00f3rias e tectos falsos<br \/>\n\u2022 Electricidade<br \/>\n\u2022 Telhados<br \/>\n\u2022 Terra\u00e7os<br \/>\n\u2022 Constru\u00e7\u00e3o de piscinas[\/vc_column_text][\/vc_column_inner][\/vc_row_inner][\/vc_column][\/vc_row]<\/p>\n<\/div>","protected":false},"excerpt":{"rendered":"<p>[vc_row row_type=&#8221;row&#8221; use_row_as_full_screen_section=&#8221;no&#8221; type=&#8221;full_width&#8221; text_align=&#8221;left&#8221; background_animation=&#8221;none&#8221; css_animation=&#8221;&#8221;][vc_column][vc_single_image image=&#8221;356&#8243; img_size=&#8221;full&#8221; alignment=&#8221;center&#8221; css=&#8221;&#8221; qode_css_animation=&#8221;&#8221;][\/vc_column][\/vc_row][vc_row row_type=&#8221;row&#8221; use_row_as_full_screen_section=&#8221;no&#8221; type=&#8221;full_width&#8221; text_align=&#8221;left&#8221; background_animation=&#8221;none&#8221; css_animation=&#8221;&#8221; css=&#8221;.vc_custom_1723381219151{margin-right: 60px !important;margin-left: 60px !important;padding-bottom: 60px !important;}&#8221;][vc_column][vc_empty_space height=&#8221;50px&#8221;][vc_column_text css=&#8221;&#8221;] Na Ideias Xiques estamos preparados para satisfazer as suas necessidades em termos construtivos. A constru\u00e7\u00e3o civil de edif\u00edcios&#8230;<\/p>\n","protected":false},"author":1,"featured_media":18,"parent":0,"menu_order":0,"comment_status":"open","ping_status":"open","template":"full_width.php","meta":{"footnotes":""},"class_list":["post-17","page","type-page","status-publish","has-post-thumbnail","hentry"],"_links":{"self":[{"href":"https:\/\/www.ideiasxiques.com\/construcao\/wp-json\/wp\/v2\/pages\/17","targetHints":{"allow":["GET"]}}],"collection":[{"href":"https:\/\/www.ideiasxiques.com\/construcao\/wp-json\/wp\/v2\/pages"}],"about":[{"href":"https:\/\/www.ideiasxiques.com\/construcao\/wp-json\/wp\/v2\/types\/page"}],"author":[{"embeddable":true,"href":"https:\/\/www.ideiasxiques.com\/construcao\/wp-json\/wp\/v2\/users\/1"}],"replies":[{"embeddable":true,"href":"https:\/\/www.ideiasxiques.com\/construcao\/wp-json\/wp\/v2\/comments?post=17"}],"version-history":[{"count":10,"href":"https:\/\/www.ideiasxiques.com\/construcao\/wp-json\/wp\/v2\/pages\/17\/revisions"}],"predecessor-version":[{"id":375,"href":"https:\/\/www.ideiasxiques.com\/construcao\/wp-json\/wp\/v2\/pages\/17\/revisions\/375"}],"wp:featuredmedia":[{"embeddable":true,"href":"https:\/\/www.ideiasxiques.com\/construcao\/wp-json\/wp\/v2\/media\/18"}],"wp:attachment":[{"href":"https:\/\/www.ideiasxiques.com\/construcao\/wp-json\/wp\/v2\/media?parent=17"}],"curies":[{"name":"wp","href":"https:\/\/api.w.org\/{rel}","templated":true}]}}